
{"id":913,"date":"2019-04-11T16:41:27","date_gmt":"2019-04-11T14:41:27","guid":{"rendered":"https:\/\/nature-design.be\/?page_id=913"},"modified":"2019-04-11T16:45:23","modified_gmt":"2019-04-11T14:45:23","slug":"confidentiality","status":"publish","type":"page","link":"https:\/\/nature-design.be\/en\/confidentiality\/","title":{"rendered":"Confidentiality"},"content":{"rendered":"<p>Responsable de la collecte, du traitement et de l&#8217;utilisation de vos donn\u00e9es personnelles au sens de l&#8217;article 4 n \u00b0 7 du RGPD<br \/>\nLydia Piep, Rue de la Gare 2, 4850 Montzen &#8211; info@nature-design.be<\/p>\n<p>Si vous souhaitez vous opposer \u00e0 la collecte, le traitement ou l&#8217;utilisation de vos informations par nous conform\u00e9ment \u00e0 la pr\u00e9sente Politique de confidentialit\u00e9 dans son ensemble ou pour des mesures individuelles, vous pouvez adresser votre objection \u00e0 la personne responsable.<\/p>\n<p>Cette politique de confidentialit\u00e9 est destin\u00e9e \u00e0 informer les utilisateurs de ce site Web sur la nature, la port\u00e9e et le but de la collecte et l&#8217;utilisation de donn\u00e9es personnelles par l&#8217;op\u00e9rateur du site.<\/p>\n<p>L&#8217;op\u00e9rateur du site Web prend votre vie priv\u00e9e tr\u00e8s au s\u00e9rieux et traitera vos informations personnelles de mani\u00e8re confidentielle et conform\u00e9ment \u00e0 la loi. \u00c9tant donn\u00e9 que des modifications \u00e0 cette politique de confidentialit\u00e9 peuvent \u00eatre apport\u00e9es par le biais de nouvelles technologies et de l&#8217;\u00e9volution continue de ce site, nous vous encourageons \u00e0 consulter r\u00e9guli\u00e8rement la politique de confidentialit\u00e9.<\/p>\n<p>Les d\u00e9finitions des termes utilis\u00e9s (par exemple &#8220;donn\u00e9es personnelles&#8221; ou &#8220;traitement&#8221;) se trouvent dans l&#8217;article 4 du RGPD.<\/p>\n<h2>Effacement des donn\u00e9es et dur\u00e9e de stockage<\/h2>\n<p>Les donn\u00e9es personnelles de la personne concern\u00e9e seront supprim\u00e9es ou bloqu\u00e9es d\u00e8s que l&#8217;objectif du stockage sera supprim\u00e9. En outre, un tel stockage peut \u00eatre pr\u00e9vu par le l\u00e9gislateur europ\u00e9en ou national dans les r\u00e8glements, lois ou autres r\u00e9glementations de l&#8217;UE auxquels le contr\u00f4leur est soumis. Le blocage ou la suppression des donn\u00e9es intervient \u00e9galement lorsqu&#8217;une p\u00e9riode de stockage prescrite par les normes mentionn\u00e9es expire, \u00e0 moins qu&#8217;il ne soit n\u00e9cessaire de conserver les donn\u00e9es pour la conclusion d&#8217;un contrat ou l&#8217;ex\u00e9cution du contrat.<\/p>\n<h2>Donn\u00e9es d&#8217;acc\u00e8s<\/h2>\n<p>Nous, l&#8217;op\u00e9rateur de site Web ou fournisseur de site, \u00e9levons \u00e0 cause de notre int\u00e9r\u00eat l\u00e9gitime (art. Art. 6 par. 1, point f. RGPD) des donn\u00e9es sur l&#8217;acc\u00e8s au site et l&#8217;enregistrer comme un \u00ab logs du serveur \u00bb sur le serveur du site \u00e0 partir. Les donn\u00e9es suivantes sont consign\u00e9es:<\/p>\n<ul>\n<li>Site visit\u00e9<\/li>\n<li>Heure au moment de l&#8217;acc\u00e8s<\/li>\n<li>Quantit\u00e9 de donn\u00e9es envoy\u00e9es en octets<\/li>\n<li>Source \/ r\u00e9f\u00e9rence \u00e0 partir de laquelle vous \u00eates arriv\u00e9 sur la page<\/li>\n<li>Navigateur utilis\u00e9<\/li>\n<li>Syst\u00e8me d&#8217;exploitation utilis\u00e9<\/li>\n<li>Adresse IP utilis\u00e9e<\/li>\n<\/ul>\n<p>Les fichiers log du serveur sont stock\u00e9s pendant un maximum de 180 jours, puis supprim\u00e9s. Le stockage des donn\u00e9es est fait pour des raisons de s\u00e9curit\u00e9, pour clarifier les cas d&#8217;abus. Si les donn\u00e9es doivent \u00eatre r\u00e9voqu\u00e9es pour des raisons de preuve, elles sont exclues de la suppression jusqu&#8217;\u00e0 ce que l&#8217;incident ait \u00e9t\u00e9 d\u00e9finitivement clarifi\u00e9.<\/p>\n<p>La collecte de donn\u00e9es pour la mise \u00e0 disposition du site Web et le stockage des donn\u00e9es dans des fichiers log est essentielle pour le fonctionnement du site Web. Il n&#8217;y a donc aucune contradiction de la part de l&#8217;utilisateur.<\/p>\n<h2>Mesure de port\u00e9e et cookies<\/h2>\n<p>Ce site utilise des cookies pour la mesure de port\u00e9e pseudonymis\u00e9e, qui sont transmis depuis notre serveur ou le serveur tiers vers le navigateur de l&#8217;utilisateur. Les cookies sont de petits fichiers stock\u00e9s sur votre appareil. Votre navigateur acc\u00e8de \u00e0 ces fichiers. L&#8217;utilisation de cookies augmente la convivialit\u00e9 et la s\u00e9curit\u00e9 de ce site.<\/p>\n<p>Si vous ne souhaitez pas enregistrer de cookies de mesure de distance sur votre appareil, vous pouvez vous opposer \u00e0 l&#8217;utilisation de ces fichiers ici:<\/p>\n<p>La page de d\u00e9sactivation des cookies de la Network Advertising Initiative:<\/p>\n<ul>\n<li><a href=\"http:\/\/optout.networkadvertising.org\/?c=1#!\/\">http:\/\/optout.networkadvertising.org\/?c=1#!\/<\/a><\/li>\n<li>Page de d\u00e9sactivation des cookies du site web am\u00e9ricain:<br \/>\n<a href=\"http:\/\/optout.aboutads.info\/?c=2#!\/\">http:\/\/optout.aboutads.info\/?c=2#!\/<\/a><\/li>\n<li>Page de d\u00e9sactivation des cookies du site web europ\u00e9en:<br \/>\n<a href=\"http:\/\/optout.networkadvertising.org\/?c=1#!\/\">http:\/\/optout.networkadvertising.org\/?c=1#!\/<\/a><\/li>\n<\/ul>\n<p>Les navigateurs populaires offrent l&#8217;option de ne pas autoriser les cookies. Note: Il n&#8217;y a aucune garantie que vous serez en mesure d&#8217;acc\u00e9der \u00e0 toutes les fonctions de ce site sans restrictions si vous faites les r\u00e9glages appropri\u00e9s.<\/p>\n<p>Nous utilisons des cookies pour rendre notre site Web plus convivial. Certains \u00e9l\u00e9ments de notre site requi\u00e8rent que le navigateur appelant soit identifi\u00e9 m\u00eame apr\u00e8s un saut de page.<\/p>\n<p>Les donn\u00e9es suivantes sont stock\u00e9es et transmises dans les cookies:<\/p>\n<ul>\n<li>les param\u00e8tres de langue<\/li>\n<li>Article dans un panier<\/li>\n<li>Informations de connexion<\/li>\n<\/ul>\n<h2>Collecte et traitement des donn\u00e9es personnelles<\/h2>\n<p>L&#8217;op\u00e9rateur du site recueille, utilise et transf\u00e8re vos donn\u00e9es personnelles uniquement si cela est autoris\u00e9 par la loi ou si vous consentez \u00e0 la collecte de donn\u00e9es.<\/p>\n<p>Les informations personnelles d\u00e9signent toutes les informations utilis\u00e9es pour identifier votre personne et qui peuvent vous \u00eatre attribu\u00e9es, telles que votre nom, votre adresse e-mail et votre num\u00e9ro de t\u00e9l\u00e9phone.<\/p>\n<p>Vous pouvez \u00e9galement visiter ce site sans donner aucune information personnelle. Pour am\u00e9liorer notre offre en ligne, cependant, nous (sans r\u00e9f\u00e9rence personnelle) stockons vos donn\u00e9es d&#8217;acc\u00e8s sur ce site. Ces donn\u00e9es d&#8217;acc\u00e8s incluent z. Par exemple, le fichier que vous avez demand\u00e9 ou le nom de votre fournisseur de services Internet. En raison de l&#8217;anonymisation des donn\u00e9es, les conclusions sur votre personne ne sont pas possibles.<\/p>\n<ol>\n<li><strong>Quoi?<\/strong>\u00a0\u2013 Nous traitons les donn\u00e9es personnelles telles que le pr\u00e9nom, le nom, l&#8217;adresse IP, l&#8217;adresse e-mail, le lieu de r\u00e9sidence, le code postal et le contenu du formulaire de contact.<\/li>\n<li><strong>Comment?<\/strong>\u00a0\u2013 Nous traitons les donn\u00e9es personnelles uniquement avec l&#8217;autorisation expresse des utilisateurs concern\u00e9s et conform\u00e9ment aux r\u00e9glementations applicables en mati\u00e8re de protection des donn\u00e9es.<\/li>\n<li><strong>Pourquoi?<\/strong>\u00a0\u2013 Le traitement des donn\u00e9es personnelles est bas\u00e9 sur notre int\u00e9r\u00eat l\u00e9gitime \u00e0 remplir nos services contractuellement convenus et \u00e0 optimiser nos services en ligne.<\/li>\n<\/ol>\n<h2>Shop<\/h2>\n<p>En raison de notre int\u00e9r\u00eat l\u00e9gitime, nous, propri\u00e9taires du magasin (voir l\u2019article 6, paragraphe 1, point b), du RPDG) collectons des donn\u00e9es sur les clients qui passent des commandes dans notre magasin.<\/p>\n<p>Pour pouvoir passer des commandes via cette offre, chaque client doit cr\u00e9er un compte client prot\u00e9g\u00e9 par mot de passe. Celui-ci contient un aper\u00e7u des commandes pass\u00e9es et des transactions en cours. Si vous quittez la boutique en ligne en tant que client, vous serez automatiquement d\u00e9connect\u00e9.<\/p>\n<p>L\u2019exploitant n\u2019assume aucune responsabilit\u00e9 en cas d\u2019abus de mot de passe, sauf s\u2019il en est la cause.<\/p>\n<p><strong>Processus de commande<\/strong><\/p>\n<p>Toutes les donn\u00e9es saisies lors du traitement de la commande par le client sont stock\u00e9es. Ceux-ci comprennent:<\/p>\n<ul>\n<li>Nom, pr\u00e9nom<\/li>\n<li>Adresse<\/li>\n<li>Donn\u00e9es de paiement (num\u00e9ro de carte de cr\u00e9dit)<\/li>\n<li>Adresse e-mail<\/li>\n<\/ul>\n<p>Ces donn\u00e9es, qui sont absolument n\u00e9cessaires pour la livraison ou le traitement de la commande, peuvent \u00eatre transmises \u00e0 des tiers fournisseurs de services, tels que des bureaux de poste ou des prestataires de services d\u2019exp\u00e9dition. Le stockage de vos donn\u00e9es n&#8217;\u00e9tant plus requis par la loi, il sera supprim\u00e9.<\/p>\n<p>Les comptes clients et les donn\u00e9es associ\u00e9es seront supprim\u00e9s sur demande.<\/p>\n<h2>Formulaire de contact et contact par e-mail<\/h2>\n<p>Sur notre site Web est un formulaire de contact disponible, qui peut \u00eatre utilis\u00e9 pour un contact \u00e9lectronique. Si un utilisateur utilise cette option, les donn\u00e9es saisies dans le masque de saisie nous seront transmises et sauvegard\u00e9es.<\/p>\n<p>Alternativement, le contact via l&#8217;adresse e-mail fournie est possible. Dans ce cas, les donn\u00e9es personnelles de l&#8217;utilisateur transmises par e-mail seront stock\u00e9es.<\/p>\n<p>Dans ce contexte, il n&#8217;y a pas de divulgation des donn\u00e9es \u00e0 des tiers. Les donn\u00e9es sont utilis\u00e9es exclusivement pour le traitement de la conversation.<\/p>\n<p>La base juridique pour le traitement des donn\u00e9es est en pr\u00e9sence du consentement de l&#8217;utilisateur Art 6 paragraphe 1 lit. un GDPR.<\/p>\n<p>La base juridique pour le traitement des donn\u00e9es transmises lors de l&#8217;envoi d&#8217;un e-mail est l&#8217;article 6 (1) allum\u00e9. f GDPR. Si le contact par e-mail vise \u00e0 conclure un contrat, la base juridique suppl\u00e9mentaire pour le traitement est l&#8217;article 6, paragraphe 1, lit. b GDPR.<\/p>\n<p>Le traitement des donn\u00e9es personnelles \u00e0 partir du masque de saisie ne nous sert qu&#8217;\u00e0 traiter le contact. Dans le cas d&#8217;un contact par e-mail, cela inclut \u00e9galement l&#8217;int\u00e9r\u00eat l\u00e9gitime requis dans le traitement des donn\u00e9es.<br \/>\nLes autres donn\u00e9es personnelles trait\u00e9es au cours du processus d&#8217;envoi servent \u00e0 emp\u00eacher une utilisation abusive du formulaire de contact et \u00e0 assurer la s\u00e9curit\u00e9 de nos syst\u00e8mes informatiques.<\/p>\n<p>Les donn\u00e9es seront supprim\u00e9es d\u00e8s qu&#8217;elles ne seront plus n\u00e9cessaires aux fins de leur collecte. Pour les donn\u00e9es personnelles du formulaire de saisie du formulaire de contact et celles envoy\u00e9es par e-mail, c&#8217;est le cas lorsque la conversation respective avec l&#8217;utilisateur est termin\u00e9e. La conversation est termin\u00e9e lorsqu&#8217;il peut \u00eatre d\u00e9duit des circonstances que les faits pertinents ont \u00e9t\u00e9 finalement clarifi\u00e9s.<\/p>\n<p>L&#8217;utilisateur a la possibilit\u00e9 \u00e0 tout moment de r\u00e9voquer son consentement au traitement des donn\u00e9es personnelles. Si l&#8217;utilisateur nous contacte par e-mail, il peut s&#8217;opposer au stockage de ses donn\u00e9es personnelles \u00e0 tout moment. Dans un tel cas, la conversation ne peut pas continuer.<\/p>\n<h2>Google Analytics<\/h2>\n<p>En raison de nos int\u00e9r\u00eats l\u00e9gitimes, ce site utilise pour l&#8217;optimisation et l&#8217;analyse de notre offre en ligne au sens de l&#8217;article 6, paragraphe 1, lit. f. GDPR le service &#8220;Google Analytics&#8221;, qui de Google Inc. (1600 Amphitheatre Parkway Mountain View, CA 94043) est offert. Le service (Google Analytics) utilise des \u00abcookies\u00bb &#8211; des fichiers texte stock\u00e9s sur votre appareil. Les informations collect\u00e9es par les cookies sont g\u00e9n\u00e9ralement envoy\u00e9es \u00e0 un serveur de Google aux \u00c9tats-Unis et y sont stock\u00e9es pendant 14 mois.<\/p>\n<p>Google LLC d\u00e9tient la loi sur la protection des donn\u00e9es europ\u00e9ennes, et est certifi\u00e9 en vertu de l&#8217;Accord de bouclier de la vie priv\u00e9e: <a href=\"https:\/\/www.privacyshield.gov\/participant?id=a2zt000000001L5AAI&amp;status=Active\"><br \/>\nhttps:\/\/www.privacyshield.gov\/participant?id=a2zt000000001L5AAI&#038;status=Active<br \/>\n<\/a><\/p>\n<p>Ce site Web utilise l&#8217;anonymisation IP. L&#8217;adresse IP des utilisateurs est raccourcie au sein des \u00c9tats membres de l&#8217;UE et de l&#8217;Espace \u00e9conomique europ\u00e9en et dans les autres \u00c9tats contractants de l&#8217;accord. Seulement dans des cas individuels, l&#8217;adresse IP est initialement transf\u00e9r\u00e9e int\u00e9gralement aux \u00c9tats-Unis \u00e0 un serveur de Google et raccourcie l\u00e0. Cette r\u00e9duction \u00e9limine la r\u00e9f\u00e9rence personnelle de votre adresse IP. L&#8217;adresse IP de l&#8217;utilisateur fournie par le navigateur ne sera pas combin\u00e9e avec d&#8217;autres donn\u00e9es stock\u00e9es par Google.<\/p>\n<p>Selon les termes du contrat de donn\u00e9es de commande que nous avons cr\u00e9\u00e9 avec Google Inc. en tant qu&#8217;op\u00e9rateur de site Web, les informations que nous collectons seront utilis\u00e9es pour \u00e9valuer l&#8217;activit\u00e9 du site et l&#8217;activit\u00e9 du site et fournir des services li\u00e9s \u00e0 Internet.<\/p>\n<p>Les donn\u00e9es collect\u00e9es par Google en notre nom seront utilis\u00e9es pour \u00e9valuer l&#8217;utilisation de notre offre en ligne par des utilisateurs individuels, tels que: Par exemple, g\u00e9n\u00e9rer des rapports d&#8217;activit\u00e9 sur le site Web pour am\u00e9liorer notre offre en ligne.<\/p>\n<p>Vous avez la possibilit\u00e9 d&#8217;emp\u00eacher le stockage de cookies sur votre appareil en configurant les param\u00e8tres appropri\u00e9s dans votre navigateur. Il n&#8217;y a aucune garantie que vous serez en mesure d&#8217;acc\u00e9der \u00e0 toutes les fonctionnalit\u00e9s de ce site sans restriction si votre navigateur ne permet pas les cookies.<\/p>\n<p>Vous pouvez \u00e9galement emp\u00eacher le traitement (y compris votre adresse IP) est envoy\u00e9e \u00e0 Google Inc. et utilis\u00e9 par Google, Inc. par le biais des cookies renseignements recueillis gr\u00e2ce \u00e0 un plug-in de navigateur. Le lien suivant vous am\u00e8ne \u00e0 le plug-in correspondant: <a href=\"https:\/\/tools.google.com\/dlpage\/gaoptout?hl=de\">https:\/\/tools.google.com\/dlpage\/gaoptout?hl=de<\/a><\/p>\n<p>Vous pouvez \u00e9galement cliquer sur ce lien pour emp\u00eacher Google Analytics de collecter des donn\u00e9es vous concernant sur ce site Web. En cliquant sur le lien ci-dessus, vous t\u00e9l\u00e9chargez un &#8220;cookie d&#8217;exclusion&#8221;. Votre navigateur doit autoriser le stockage des cookies. Si vous supprimez vos cookies r\u00e9guli\u00e8rement, vous devrez cliquer sur le lien chaque fois que vous visitez ce site.<\/p>\n<p>Voici plus d&#8217;informations sur l&#8217;utilisation des donn\u00e9es par Google Inc:<\/p>\n<p><a href=\"https:\/\/policies.google.com\/privacy\/partners?hl=de\">https:\/\/policies.google.com\/privacy\/partners?hl=de<\/a> (donn\u00e9es collect\u00e9es aupr\u00e8s des partenaires Google)<\/p>\n<p><a href=\"https:\/\/policies.google.com\/privacy\/partners?hl=dehttps:\/\/adssettings.google.com\/authenticated\">https:\/\/policies.google.com\/privacy\/partners?hl=dehttps:\/\/adssettings.google.com\/authenticated <\/a> (param\u00e8tres relatifs aux annonces que vous voyez)<\/p>\n<p><a href=\"https:\/\/policies.google.com\/technologies\/ads?hl=de \">https:\/\/policies.google.com\/technologies\/ads?hl=de<br \/>\n<\/a><\/p>\n","protected":false},"excerpt":{"rendered":"<p>Responsable de la collecte, du traitement et de l&#8217;utilisation de vos donn\u00e9es personnelles au sens de l&#8217;article 4 n \u00b0 7 du RGPD Lydia Piep, Rue de la Gare 2, 4850 Montzen &#8211; info@nature-design.be Si vous souhaitez vous opposer \u00e0 la collecte, le traitement ou l&#8217;utilisation de vos informations par nous conform\u00e9ment \u00e0 la pr\u00e9sente [&hellip;]<\/p>\n","protected":false},"author":1,"featured_media":0,"parent":0,"menu_order":0,"comment_status":"closed","ping_status":"closed","template":"","meta":{"_acf_changed":false,"footnotes":""},"class_list":["post-913","page","type-page","status-publish","hentry"],"acf":[],"_links":{"self":[{"href":"https:\/\/nature-design.be\/en\/wp-json\/wp\/v2\/pages\/913","targetHints":{"allow":["GET"]}}],"collection":[{"href":"https:\/\/nature-design.be\/en\/wp-json\/wp\/v2\/pages"}],"about":[{"href":"https:\/\/nature-design.be\/en\/wp-json\/wp\/v2\/types\/page"}],"author":[{"embeddable":true,"href":"https:\/\/nature-design.be\/en\/wp-json\/wp\/v2\/users\/1"}],"replies":[{"embeddable":true,"href":"https:\/\/nature-design.be\/en\/wp-json\/wp\/v2\/comments?post=913"}],"version-history":[{"count":3,"href":"https:\/\/nature-design.be\/en\/wp-json\/wp\/v2\/pages\/913\/revisions"}],"predecessor-version":[{"id":920,"href":"https:\/\/nature-design.be\/en\/wp-json\/wp\/v2\/pages\/913\/revisions\/920"}],"wp:attachment":[{"href":"https:\/\/nature-design.be\/en\/wp-json\/wp\/v2\/media?parent=913"}],"curies":[{"name":"wp","href":"https:\/\/api.w.org\/{rel}","templated":true}]}}