
{"id":916,"date":"2019-04-11T16:42:28","date_gmt":"2019-04-11T14:42:28","guid":{"rendered":"https:\/\/nature-design.be\/?page_id=916"},"modified":"2019-04-11T16:44:48","modified_gmt":"2019-04-11T14:44:48","slug":"legal-notice","status":"publish","type":"page","link":"https:\/\/nature-design.be\/en\/legal-notice\/","title":{"rendered":"Legal notice"},"content":{"rendered":"<p>Copyright \u00a9 2018<\/p>\n<p><strong>NATURE &amp; DESIGN<\/strong><br \/>\nRue de la Gare 2<br \/>\n4850 Montzen<\/p>\n<p>GSM: +32 (0)472 \/ 68 22 75<br \/>\nMail: <a href=\"mailto:info@nature-design.be\">info@nature-design.be<\/a><\/p>\n<p>Num\u00e9ro d&#8217;entreprise: BE0756320777<\/p>\n<p><strong>RESPONSIBLE EDITOR:<\/strong><br \/>\nLydia Piep<\/p>\n<p><strong>Disclaimer:<\/strong><br \/>\nNous nous engageons \u00e0 assurer tous nos efforts pour offrir des informations actualis\u00e9es et exactes. Cependant, nous ne saurions \u00eatre tenus pour responsables d&#8217;erreurs, d&#8217;omissions ou des r\u00e9sultats qui pourraient \u00eatre obtenus par un mauvais usage de ces informations. Plus g\u00e9n\u00e9ralement, Eupenlives ne pourra en aucun cas \u00eatre responsable en cas de dommages directs et\/ou indirects r\u00e9sultant de l&#8217;utilisation de ce site.<\/p>\n<p>NATURE &amp; DESIGN d\u00e9cline formellement toute responsabilit\u00e9 quant aux contenus des sites vers lesquels elle renvoit. Ces liens sont propos\u00e9s aux utilisateurs du site web NATURE &amp; DESIGN en tant que service. La d\u00e9cision d&#8217;activer les liens appartient exclusivement aux utilisateurs du web.<\/p>\n<p><strong>REALISATION:<\/strong><br \/>\nCLOTH kreativbureau.<br \/>\nSchnellewindgasse 8<br \/>\nB-4700 Eupen<br \/>\nEmail: info@cloth.be<br \/>\nWeb: cloth.be<\/p>\n","protected":false},"excerpt":{"rendered":"<p>Copyright \u00a9 2018 NATURE &amp; DESIGN Rue de la Gare 2 4850 Montzen GSM: +32 (0)472 \/ 68 22 75 Mail: info@nature-design.be Num\u00e9ro d&#8217;entreprise: BE0756320777 RESPONSIBLE EDITOR: Lydia Piep Disclaimer: Nous nous engageons \u00e0 assurer tous nos efforts pour offrir des informations actualis\u00e9es et exactes. Cependant, nous ne saurions \u00eatre tenus pour responsables d&#8217;erreurs, d&#8217;omissions [&hellip;]<\/p>\n","protected":false},"author":1,"featured_media":0,"parent":0,"menu_order":0,"comment_status":"closed","ping_status":"closed","template":"","meta":{"_acf_changed":false,"footnotes":""},"class_list":["post-916","page","type-page","status-publish","hentry"],"acf":[],"_links":{"self":[{"href":"https:\/\/nature-design.be\/en\/wp-json\/wp\/v2\/pages\/916","targetHints":{"allow":["GET"]}}],"collection":[{"href":"https:\/\/nature-design.be\/en\/wp-json\/wp\/v2\/pages"}],"about":[{"href":"https:\/\/nature-design.be\/en\/wp-json\/wp\/v2\/types\/page"}],"author":[{"embeddable":true,"href":"https:\/\/nature-design.be\/en\/wp-json\/wp\/v2\/users\/1"}],"replies":[{"embeddable":true,"href":"https:\/\/nature-design.be\/en\/wp-json\/wp\/v2\/comments?post=916"}],"version-history":[{"count":3,"href":"https:\/\/nature-design.be\/en\/wp-json\/wp\/v2\/pages\/916\/revisions"}],"predecessor-version":[{"id":919,"href":"https:\/\/nature-design.be\/en\/wp-json\/wp\/v2\/pages\/916\/revisions\/919"}],"wp:attachment":[{"href":"https:\/\/nature-design.be\/en\/wp-json\/wp\/v2\/media?parent=916"}],"curies":[{"name":"wp","href":"https:\/\/api.w.org\/{rel}","templated":true}]}}