
{"id":599,"date":"2019-01-04T12:35:48","date_gmt":"2019-01-04T11:35:48","guid":{"rendered":"https:\/\/nature-design.be\/?page_id=599"},"modified":"2019-01-04T12:44:56","modified_gmt":"2019-01-04T11:44:56","slug":"filosofie","status":"publish","type":"page","link":"https:\/\/nature-design.be\/nl\/filosofie\/","title":{"rendered":"Filosofie"},"content":{"rendered":"<p>Terwijl ik nadacht over het meubilair van onze grootouders, bewonderde ik hen voor hun schoonheid, hun authenticiteit, hun kwaliteit, hun duurzaamheid, in \u00e9\u00e9n woord hun WAARDE.<\/p>\n<p>Toen kwam bij mij de wens om dit concept te doen herleven door meubels te cre\u00ebren met strakke lijnen, die tegelijkertijd eigentijds en tijdloos zijn, die onze consumptiemaatschappij weerstaan en die zullen blijven leven door de generaties heen.<\/p>\n<p>Ik zou de DESIGN graag koppelen met het regionale vakmanschap, door te werken in het gehele realisatieproces met edele materialen van Europese origine met gezonde afwerkingen en met het streven naar ecologie.<\/p>\n<img loading=\"lazy\" decoding=\"async\" class=\"aligncenter size-medium wp-image-569\" src=\"https:\/\/nature-design.be\/wp-content\/uploads\/2018\/10\/philosophie-1200x579.jpg\" alt=\"\" width=\"1200\" height=\"579\" srcset=\"https:\/\/nature-design.be\/wp-content\/uploads\/2018\/10\/philosophie.jpg 1200w, https:\/\/nature-design.be\/wp-content\/uploads\/2018\/10\/philosophie-768x371.jpg 768w, https:\/\/nature-design.be\/wp-content\/uploads\/2018\/10\/philosophie-416x201.jpg 416w\" sizes=\"auto, (max-width: 1200px) 100vw, 1200px\" \/>\n<h3>Mijn droom<\/h3>\n<p>Mijn assortiment uitbreiden om een breder scala aan decoratieve artikelen te kunnen aanbieden, zoals tapijten van wollen vilt, decoratieve creaties van ruw linnen, faience van aardewerk of Italiaans glaswerk &#8230;<\/p>\n","protected":false},"excerpt":{"rendered":"<p>Terwijl ik nadacht over het meubilair van onze grootouders, bewonderde ik hen voor hun schoonheid, hun authenticiteit, hun kwaliteit, hun duurzaamheid, in \u00e9\u00e9n woord hun WAARDE. Toen kwam bij mij de wens om dit concept te doen herleven door meubels te cre\u00ebren met strakke lijnen, die tegelijkertijd eigentijds en tijdloos zijn, die onze consumptiemaatschappij weerstaan [&hellip;]<\/p>\n","protected":false},"author":1,"featured_media":0,"parent":0,"menu_order":0,"comment_status":"closed","ping_status":"closed","template":"","meta":{"_acf_changed":false,"footnotes":""},"class_list":["post-599","page","type-page","status-publish","hentry"],"acf":[],"_links":{"self":[{"href":"https:\/\/nature-design.be\/nl\/wp-json\/wp\/v2\/pages\/599","targetHints":{"allow":["GET"]}}],"collection":[{"href":"https:\/\/nature-design.be\/nl\/wp-json\/wp\/v2\/pages"}],"about":[{"href":"https:\/\/nature-design.be\/nl\/wp-json\/wp\/v2\/types\/page"}],"author":[{"embeddable":true,"href":"https:\/\/nature-design.be\/nl\/wp-json\/wp\/v2\/users\/1"}],"replies":[{"embeddable":true,"href":"https:\/\/nature-design.be\/nl\/wp-json\/wp\/v2\/comments?post=599"}],"version-history":[{"count":4,"href":"https:\/\/nature-design.be\/nl\/wp-json\/wp\/v2\/pages\/599\/revisions"}],"predecessor-version":[{"id":607,"href":"https:\/\/nature-design.be\/nl\/wp-json\/wp\/v2\/pages\/599\/revisions\/607"}],"wp:attachment":[{"href":"https:\/\/nature-design.be\/nl\/wp-json\/wp\/v2\/media?parent=599"}],"curies":[{"name":"wp","href":"https:\/\/api.w.org\/{rel}","templated":true}]}}